{"id":93,"date":"2024-09-02T19:17:43","date_gmt":"2024-09-02T17:17:43","guid":{"rendered":"https:\/\/makron.co\/?post_type=product&#038;p=93"},"modified":"2025-07-14T19:21:05","modified_gmt":"2025-07-14T17:21:05","slug":"turcos-electronicos","status":"publish","type":"product","link":"https:\/\/makron.co\/index.php\/producto\/turcos-electronicos\/","title":{"rendered":"Ba\u00f1os Turcos Electr\u00f3nicos"},"content":{"rendered":"","protected":false},"excerpt":{"rendered":"<p>Equipos electr\u00f3nicos construidos con componentes de \u00faltima tecnolog\u00eda proporcionan mediante el uso adecuado del calor relajaci\u00f3n, tranquilidad, y un ambiente confortable y familiar para obtener mayor salud y bienestar; se construyen el\u00e9ctricos, electr\u00f3nicos y a gas; llevan bajo pedido temporizador electr\u00f3nico control de temperatura, mando remoto, etc.<\/p>\n[wa-order]\n<p>&nbsp;<\/p>\n","protected":false},"featured_media":326,"template":"","meta":{"_eb_attr":"","_uag_custom_page_level_css":"","site-sidebar-layout":"default","site-content-layout":"","ast-site-content-layout":"default","site-content-style":"default","site-sidebar-style":"default","ast-global-header-display":"","ast-banner-title-visibility":"","ast-main-header-display":"","ast-hfb-above-header-display":"","ast-hfb-below-header-display":"","ast-hfb-mobile-header-display":"","site-post-title":"","ast-breadcrumbs-content":"","ast-featured-img":"","footer-sml-layout":"","theme-transparent-header-meta":"default","adv-header-id-meta":"","stick-header-meta":"","header-above-stick-meta":"","header-main-stick-meta":"","header-below-stick-meta":"","astra-migrate-meta-layouts":"set","ast-page-background-enabled":"default","ast-page-background-meta":{"desktop":{"background-color":"var(--ast-global-color-4)","background-image":"","background-repeat":"repeat","background-position":"center center","background-size":"auto","background-attachment":"scroll","background-type":"","background-media":"","overlay-type":"","overlay-color":"","overlay-opacity":"","overlay-gradient":""},"tablet":{"background-color":"","background-image":"","background-repeat":"repeat","background-position":"center center","background-size":"auto","background-attachment":"scroll","background-type":"","background-media":"","overlay-type":"","overlay-color":"","overlay-opacity":"","overlay-gradient":""},"mobile":{"background-color":"","background-image":"","background-repeat":"repeat","background-position":"center center","background-size":"auto","background-attachment":"scroll","background-type":"","background-media":"","overlay-type":"","overlay-color":"","overlay-opacity":"","overlay-gradient":""}},"ast-content-background-meta":{"desktop":{"background-color":"var(--ast-global-color-5)","background-image":"","background-repeat":"repeat","background-position":"center center","background-size":"auto","background-attachment":"scroll","background-type":"","background-media":"","overlay-type":"","overlay-color":"","overlay-opacity":"","overlay-gradient":""},"tablet":{"background-color":"var(--ast-global-color-5)","background-image":"","background-repeat":"repeat","background-position":"center center","background-size":"auto","background-attachment":"scroll","background-type":"","background-media":"","overlay-type":"","overlay-color":"","overlay-opacity":"","overlay-gradient":""},"mobile":{"background-color":"var(--ast-global-color-5)","background-image":"","background-repeat":"repeat","background-position":"center center","background-size":"auto","background-attachment":"scroll","background-type":"","background-media":"","overlay-type":"","overlay-color":"","overlay-opacity":"","overlay-gradient":""}}},"product_cat":[17],"product_tag":[],"class_list":{"0":"post-93","1":"product","2":"type-product","3":"status-publish","4":"has-post-thumbnail","6":"product_cat-productos","7":"desktop-align-left","8":"tablet-align-left","9":"mobile-align-left","11":"first","12":"instock","13":"shipping-taxable","14":"product-type-simple"},"uagb_featured_image_src":{"full":["https:\/\/makron.co\/wp-content\/uploads\/2024\/09\/7e4c2b31-7de2-4c2a-ba2a-86101fcac1f1.jpeg",1600,1226,false],"thumbnail":["https:\/\/makron.co\/wp-content\/uploads\/2024\/09\/7e4c2b31-7de2-4c2a-ba2a-86101fcac1f1-150x150.jpeg",150,150,true],"medium":["https:\/\/makron.co\/wp-content\/uploads\/2024\/09\/7e4c2b31-7de2-4c2a-ba2a-86101fcac1f1-300x230.jpeg",300,230,true],"medium_large":["https:\/\/makron.co\/wp-content\/uploads\/2024\/09\/7e4c2b31-7de2-4c2a-ba2a-86101fcac1f1-768x588.jpeg",768,588,true],"large":["https:\/\/makron.co\/wp-content\/uploads\/2024\/09\/7e4c2b31-7de2-4c2a-ba2a-86101fcac1f1-1024x785.jpeg",1024,785,true],"1536x1536":["https:\/\/makron.co\/wp-content\/uploads\/2024\/09\/7e4c2b31-7de2-4c2a-ba2a-86101fcac1f1-1536x1177.jpeg",1536,1177,true],"2048x2048":["https:\/\/makron.co\/wp-content\/uploads\/2024\/09\/7e4c2b31-7de2-4c2a-ba2a-86101fcac1f1.jpeg",1600,1226,false],"woocommerce_thumbnail":["https:\/\/makron.co\/wp-content\/uploads\/2024\/09\/7e4c2b31-7de2-4c2a-ba2a-86101fcac1f1-300x300.jpeg",300,300,true],"woocommerce_single":["https:\/\/makron.co\/wp-content\/uploads\/2024\/09\/7e4c2b31-7de2-4c2a-ba2a-86101fcac1f1-600x460.jpeg",600,460,true],"woocommerce_gallery_thumbnail":["https:\/\/makron.co\/wp-content\/uploads\/2024\/09\/7e4c2b31-7de2-4c2a-ba2a-86101fcac1f1-100x100.jpeg",100,100,true]},"uagb_author_info":{"display_name":"kreativo","author_link":"https:\/\/makron.co\/index.php\/author\/"},"uagb_comment_info":0,"uagb_excerpt":"Equipos electr\u00f3nicos construidos con componentes de \u00faltima tecnolog\u00eda proporcionan mediante el uso adecuado del calor relajaci\u00f3n, tranquilidad, y un ambiente confortable y familiar para obtener mayor salud y bienestar; se construyen el\u00e9ctricos, electr\u00f3nicos y a gas; llevan bajo pedido temporizador electr\u00f3nico control de temperatura, mando remoto, etc. [wa-order] &nbsp;","_links":{"self":[{"href":"https:\/\/makron.co\/index.php\/wp-json\/wp\/v2\/product\/93","targetHints":{"allow":["GET"]}}],"collection":[{"href":"https:\/\/makron.co\/index.php\/wp-json\/wp\/v2\/product"}],"about":[{"href":"https:\/\/makron.co\/index.php\/wp-json\/wp\/v2\/types\/product"}],"wp:featuredmedia":[{"embeddable":true,"href":"https:\/\/makron.co\/index.php\/wp-json\/wp\/v2\/media\/326"}],"wp:attachment":[{"href":"https:\/\/makron.co\/index.php\/wp-json\/wp\/v2\/media?parent=93"}],"wp:term":[{"taxonomy":"product_cat","embeddable":true,"href":"https:\/\/makron.co\/index.php\/wp-json\/wp\/v2\/product_cat?post=93"},{"taxonomy":"product_tag","embeddable":true,"href":"https:\/\/makron.co\/index.php\/wp-json\/wp\/v2\/product_tag?post=93"}],"curies":[{"name":"wp","href":"https:\/\/api.w.org\/{rel}","templated":true}]}}