{"id":141,"date":"2024-09-03T22:29:25","date_gmt":"2024-09-03T20:29:25","guid":{"rendered":"https:\/\/makron.co\/?post_type=product&#038;p=141"},"modified":"2025-07-14T19:03:24","modified_gmt":"2025-07-14T17:03:24","slug":"convertidor-de-voltaje-elevador-o-partidor-de-voltaje","status":"publish","type":"product","link":"https:\/\/makron.co\/index.php\/producto\/convertidor-de-voltaje-elevador-o-partidor-de-voltaje\/","title":{"rendered":"Convertidor de Voltaje Elevador o Partidor de Voltaje"},"content":{"rendered":"","protected":false},"excerpt":{"rendered":"<p>Son equipos el\u00e9ctricos dise\u00f1ados para convertir la energ\u00eda de 110 a 220 voltios o de 220 voltios a 110 voltios; generalmente se usan en locales que no tienen una buena acometida el\u00e9ctrica, para alimentar equipos tra\u00eddos del exterior, para fincas donde solo llegan los 220 voltios, etc.<\/p>\n[wa-order]\n<p>&nbsp;<\/p>\n","protected":false},"featured_media":319,"template":"","meta":{"_eb_attr":"","_uag_custom_page_level_css":"","site-sidebar-layout":"default","site-content-layout":"","ast-site-content-layout":"default","site-content-style":"default","site-sidebar-style":"default","ast-global-header-display":"","ast-banner-title-visibility":"","ast-main-header-display":"","ast-hfb-above-header-display":"","ast-hfb-below-header-display":"","ast-hfb-mobile-header-display":"","site-post-title":"","ast-breadcrumbs-content":"","ast-featured-img":"","footer-sml-layout":"","theme-transparent-header-meta":"default","adv-header-id-meta":"","stick-header-meta":"","header-above-stick-meta":"","header-main-stick-meta":"","header-below-stick-meta":"","astra-migrate-meta-layouts":"set","ast-page-background-enabled":"default","ast-page-background-meta":{"desktop":{"background-color":"var(--ast-global-color-4)","background-image":"","background-repeat":"repeat","background-position":"center center","background-size":"auto","background-attachment":"scroll","background-type":"","background-media":"","overlay-type":"","overlay-color":"","overlay-opacity":"","overlay-gradient":""},"tablet":{"background-color":"","background-image":"","background-repeat":"repeat","background-position":"center center","background-size":"auto","background-attachment":"scroll","background-type":"","background-media":"","overlay-type":"","overlay-color":"","overlay-opacity":"","overlay-gradient":""},"mobile":{"background-color":"","background-image":"","background-repeat":"repeat","background-position":"center center","background-size":"auto","background-attachment":"scroll","background-type":"","background-media":"","overlay-type":"","overlay-color":"","overlay-opacity":"","overlay-gradient":""}},"ast-content-background-meta":{"desktop":{"background-color":"var(--ast-global-color-5)","background-image":"","background-repeat":"repeat","background-position":"center center","background-size":"auto","background-attachment":"scroll","background-type":"","background-media":"","overlay-type":"","overlay-color":"","overlay-opacity":"","overlay-gradient":""},"tablet":{"background-color":"var(--ast-global-color-5)","background-image":"","background-repeat":"repeat","background-position":"center center","background-size":"auto","background-attachment":"scroll","background-type":"","background-media":"","overlay-type":"","overlay-color":"","overlay-opacity":"","overlay-gradient":""},"mobile":{"background-color":"var(--ast-global-color-5)","background-image":"","background-repeat":"repeat","background-position":"center center","background-size":"auto","background-attachment":"scroll","background-type":"","background-media":"","overlay-type":"","overlay-color":"","overlay-opacity":"","overlay-gradient":""}}},"product_cat":[17],"product_tag":[],"class_list":{"0":"post-141","1":"product","2":"type-product","3":"status-publish","4":"has-post-thumbnail","6":"product_cat-productos","7":"desktop-align-left","8":"tablet-align-left","9":"mobile-align-left","11":"first","12":"instock","13":"shipping-taxable","14":"product-type-simple"},"uagb_featured_image_src":{"full":["https:\/\/makron.co\/wp-content\/uploads\/2024\/09\/fcbbf0e8-8cb1-40e7-874d-4aa2c4b8641e.jpg",774,762,false],"thumbnail":["https:\/\/makron.co\/wp-content\/uploads\/2024\/09\/fcbbf0e8-8cb1-40e7-874d-4aa2c4b8641e-150x150.jpg",150,150,true],"medium":["https:\/\/makron.co\/wp-content\/uploads\/2024\/09\/fcbbf0e8-8cb1-40e7-874d-4aa2c4b8641e-300x295.jpg",300,295,true],"medium_large":["https:\/\/makron.co\/wp-content\/uploads\/2024\/09\/fcbbf0e8-8cb1-40e7-874d-4aa2c4b8641e-768x756.jpg",768,756,true],"large":["https:\/\/makron.co\/wp-content\/uploads\/2024\/09\/fcbbf0e8-8cb1-40e7-874d-4aa2c4b8641e.jpg",774,762,false],"1536x1536":["https:\/\/makron.co\/wp-content\/uploads\/2024\/09\/fcbbf0e8-8cb1-40e7-874d-4aa2c4b8641e.jpg",774,762,false],"2048x2048":["https:\/\/makron.co\/wp-content\/uploads\/2024\/09\/fcbbf0e8-8cb1-40e7-874d-4aa2c4b8641e.jpg",774,762,false],"woocommerce_thumbnail":["https:\/\/makron.co\/wp-content\/uploads\/2024\/09\/fcbbf0e8-8cb1-40e7-874d-4aa2c4b8641e-300x300.jpg",300,300,true],"woocommerce_single":["https:\/\/makron.co\/wp-content\/uploads\/2024\/09\/fcbbf0e8-8cb1-40e7-874d-4aa2c4b8641e-600x591.jpg",600,591,true],"woocommerce_gallery_thumbnail":["https:\/\/makron.co\/wp-content\/uploads\/2024\/09\/fcbbf0e8-8cb1-40e7-874d-4aa2c4b8641e-100x100.jpg",100,100,true]},"uagb_author_info":{"display_name":"kreativo","author_link":"https:\/\/makron.co\/index.php\/author\/"},"uagb_comment_info":0,"uagb_excerpt":"Son equipos el\u00e9ctricos dise\u00f1ados para convertir la energ\u00eda de 110 a 220 voltios o de 220 voltios a 110 voltios; generalmente se usan en locales que no tienen una buena acometida el\u00e9ctrica, para alimentar equipos tra\u00eddos del exterior, para fincas donde solo llegan los 220 voltios, etc. [wa-order] &nbsp;","_links":{"self":[{"href":"https:\/\/makron.co\/index.php\/wp-json\/wp\/v2\/product\/141","targetHints":{"allow":["GET"]}}],"collection":[{"href":"https:\/\/makron.co\/index.php\/wp-json\/wp\/v2\/product"}],"about":[{"href":"https:\/\/makron.co\/index.php\/wp-json\/wp\/v2\/types\/product"}],"wp:featuredmedia":[{"embeddable":true,"href":"https:\/\/makron.co\/index.php\/wp-json\/wp\/v2\/media\/319"}],"wp:attachment":[{"href":"https:\/\/makron.co\/index.php\/wp-json\/wp\/v2\/media?parent=141"}],"wp:term":[{"taxonomy":"product_cat","embeddable":true,"href":"https:\/\/makron.co\/index.php\/wp-json\/wp\/v2\/product_cat?post=141"},{"taxonomy":"product_tag","embeddable":true,"href":"https:\/\/makron.co\/index.php\/wp-json\/wp\/v2\/product_tag?post=141"}],"curies":[{"name":"wp","href":"https:\/\/api.w.org\/{rel}","templated":true}]}}