{"id":135,"date":"2024-09-03T17:51:47","date_gmt":"2024-09-03T15:51:47","guid":{"rendered":"https:\/\/makron.co\/?post_type=product&#038;p=135"},"modified":"2025-07-24T20:46:23","modified_gmt":"2025-07-24T18:46:23","slug":"cargadores-de-bateria","status":"publish","type":"product","link":"https:\/\/makron.co\/index.php\/producto\/cargadores-de-bateria\/","title":{"rendered":"Cargadores de Bater\u00eda"},"content":{"rendered":"","protected":false},"excerpt":{"rendered":"<p>Construidos bajo pedido para ser usados en un taller el\u00e9ctrico de carro o de moto; con carga r\u00e1pida y carga lenta; tambi\u00e9n se construyen totalmente autom\u00e1ticos generalmente usados para plantas el\u00e9ctricas de combusti\u00f3n donde las bater\u00edas deben mantenerse en un estado de flotaci\u00f3n listas para proporcionar el arranque de la planta cuando falla la red el\u00e9ctrica fabrican en diferentes voltajes y corrientes acordadas bajo pedido.<\/p>\n[wa-order]\n<p>&nbsp;<\/p>\n","protected":false},"featured_media":346,"template":"","meta":{"_eb_attr":"","_uag_custom_page_level_css":"","site-sidebar-layout":"default","site-content-layout":"","ast-site-content-layout":"default","site-content-style":"default","site-sidebar-style":"default","ast-global-header-display":"","ast-banner-title-visibility":"","ast-main-header-display":"","ast-hfb-above-header-display":"","ast-hfb-below-header-display":"","ast-hfb-mobile-header-display":"","site-post-title":"","ast-breadcrumbs-content":"","ast-featured-img":"","footer-sml-layout":"","theme-transparent-header-meta":"default","adv-header-id-meta":"","stick-header-meta":"","header-above-stick-meta":"","header-main-stick-meta":"","header-below-stick-meta":"","astra-migrate-meta-layouts":"set","ast-page-background-enabled":"default","ast-page-background-meta":{"desktop":{"background-color":"var(--ast-global-color-4)","background-image":"","background-repeat":"repeat","background-position":"center center","background-size":"auto","background-attachment":"scroll","background-type":"","background-media":"","overlay-type":"","overlay-color":"","overlay-opacity":"","overlay-gradient":""},"tablet":{"background-color":"","background-image":"","background-repeat":"repeat","background-position":"center center","background-size":"auto","background-attachment":"scroll","background-type":"","background-media":"","overlay-type":"","overlay-color":"","overlay-opacity":"","overlay-gradient":""},"mobile":{"background-color":"","background-image":"","background-repeat":"repeat","background-position":"center center","background-size":"auto","background-attachment":"scroll","background-type":"","background-media":"","overlay-type":"","overlay-color":"","overlay-opacity":"","overlay-gradient":""}},"ast-content-background-meta":{"desktop":{"background-color":"var(--ast-global-color-5)","background-image":"","background-repeat":"repeat","background-position":"center center","background-size":"auto","background-attachment":"scroll","background-type":"","background-media":"","overlay-type":"","overlay-color":"","overlay-opacity":"","overlay-gradient":""},"tablet":{"background-color":"var(--ast-global-color-5)","background-image":"","background-repeat":"repeat","background-position":"center center","background-size":"auto","background-attachment":"scroll","background-type":"","background-media":"","overlay-type":"","overlay-color":"","overlay-opacity":"","overlay-gradient":""},"mobile":{"background-color":"var(--ast-global-color-5)","background-image":"","background-repeat":"repeat","background-position":"center center","background-size":"auto","background-attachment":"scroll","background-type":"","background-media":"","overlay-type":"","overlay-color":"","overlay-opacity":"","overlay-gradient":""}}},"product_cat":[17],"product_tag":[],"class_list":{"0":"post-135","1":"product","2":"type-product","3":"status-publish","4":"has-post-thumbnail","6":"product_cat-productos","7":"desktop-align-left","8":"tablet-align-left","9":"mobile-align-left","11":"first","12":"instock","13":"shipping-taxable","14":"product-type-simple"},"uagb_featured_image_src":{"full":["https:\/\/makron.co\/wp-content\/uploads\/2024\/09\/WhatsApp-Image-2025-07-24-at-1.42.20-PM.jpeg",1600,1096,false],"thumbnail":["https:\/\/makron.co\/wp-content\/uploads\/2024\/09\/WhatsApp-Image-2025-07-24-at-1.42.20-PM-150x150.jpeg",150,150,true],"medium":["https:\/\/makron.co\/wp-content\/uploads\/2024\/09\/WhatsApp-Image-2025-07-24-at-1.42.20-PM-300x206.jpeg",300,206,true],"medium_large":["https:\/\/makron.co\/wp-content\/uploads\/2024\/09\/WhatsApp-Image-2025-07-24-at-1.42.20-PM-768x526.jpeg",768,526,true],"large":["https:\/\/makron.co\/wp-content\/uploads\/2024\/09\/WhatsApp-Image-2025-07-24-at-1.42.20-PM-1024x701.jpeg",1024,701,true],"1536x1536":["https:\/\/makron.co\/wp-content\/uploads\/2024\/09\/WhatsApp-Image-2025-07-24-at-1.42.20-PM-1536x1052.jpeg",1536,1052,true],"2048x2048":["https:\/\/makron.co\/wp-content\/uploads\/2024\/09\/WhatsApp-Image-2025-07-24-at-1.42.20-PM.jpeg",1600,1096,false],"woocommerce_thumbnail":["https:\/\/makron.co\/wp-content\/uploads\/2024\/09\/WhatsApp-Image-2025-07-24-at-1.42.20-PM-300x300.jpeg",300,300,true],"woocommerce_single":["https:\/\/makron.co\/wp-content\/uploads\/2024\/09\/WhatsApp-Image-2025-07-24-at-1.42.20-PM-600x411.jpeg",600,411,true],"woocommerce_gallery_thumbnail":["https:\/\/makron.co\/wp-content\/uploads\/2024\/09\/WhatsApp-Image-2025-07-24-at-1.42.20-PM-100x100.jpeg",100,100,true]},"uagb_author_info":{"display_name":"kreativo","author_link":"https:\/\/makron.co\/index.php\/author\/"},"uagb_comment_info":0,"uagb_excerpt":"Construidos bajo pedido para ser usados en un taller el\u00e9ctrico de carro o de moto; con carga r\u00e1pida y carga lenta; tambi\u00e9n se construyen totalmente autom\u00e1ticos generalmente usados para plantas el\u00e9ctricas de combusti\u00f3n donde las bater\u00edas deben mantenerse en un estado de flotaci\u00f3n listas para proporcionar el arranque de la planta cuando falla la red&hellip;","_links":{"self":[{"href":"https:\/\/makron.co\/index.php\/wp-json\/wp\/v2\/product\/135","targetHints":{"allow":["GET"]}}],"collection":[{"href":"https:\/\/makron.co\/index.php\/wp-json\/wp\/v2\/product"}],"about":[{"href":"https:\/\/makron.co\/index.php\/wp-json\/wp\/v2\/types\/product"}],"wp:featuredmedia":[{"embeddable":true,"href":"https:\/\/makron.co\/index.php\/wp-json\/wp\/v2\/media\/346"}],"wp:attachment":[{"href":"https:\/\/makron.co\/index.php\/wp-json\/wp\/v2\/media?parent=135"}],"wp:term":[{"taxonomy":"product_cat","embeddable":true,"href":"https:\/\/makron.co\/index.php\/wp-json\/wp\/v2\/product_cat?post=135"},{"taxonomy":"product_tag","embeddable":true,"href":"https:\/\/makron.co\/index.php\/wp-json\/wp\/v2\/product_tag?post=135"}],"curies":[{"name":"wp","href":"https:\/\/api.w.org\/{rel}","templated":true}]}}