{"id":132,"date":"2024-09-03T17:45:01","date_gmt":"2024-09-03T15:45:01","guid":{"rendered":"https:\/\/makron.co\/?post_type=product&#038;p=132"},"modified":"2025-07-14T19:08:42","modified_gmt":"2025-07-14T17:08:42","slug":"cercas-electricas","status":"publish","type":"product","link":"https:\/\/makron.co\/index.php\/producto\/cercas-electricas\/","title":{"rendered":"Cercas El\u00e9ctricas"},"content":{"rendered":"","protected":false},"excerpt":{"rendered":"<p>Son equipos electr\u00f3nicos dise\u00f1ados con tecnolog\u00eda de punta que se usan para la administraci\u00f3n eficiente del ganado y los potreros tambi\u00e9n puede usarse para controlar caballos, animales dom\u00e9sticos y aves; las cercas el\u00e9ctricas de acuerdo con la longitud del potrero, al terreno y a la maleza y al voltaje disponible pueden ser de ultra alta, alta, media y baja impedancia de esta manera pueden ser solares de 50km hasta 300km y m\u00e1s.<\/p>\n[wa-order]\n<p>&nbsp;<\/p>\n","protected":false},"featured_media":325,"template":"","meta":{"_eb_attr":"","_uag_custom_page_level_css":"","site-sidebar-layout":"default","site-content-layout":"","ast-site-content-layout":"default","site-content-style":"default","site-sidebar-style":"default","ast-global-header-display":"","ast-banner-title-visibility":"","ast-main-header-display":"","ast-hfb-above-header-display":"","ast-hfb-below-header-display":"","ast-hfb-mobile-header-display":"","site-post-title":"","ast-breadcrumbs-content":"","ast-featured-img":"","footer-sml-layout":"","theme-transparent-header-meta":"default","adv-header-id-meta":"","stick-header-meta":"","header-above-stick-meta":"","header-main-stick-meta":"","header-below-stick-meta":"","astra-migrate-meta-layouts":"set","ast-page-background-enabled":"default","ast-page-background-meta":{"desktop":{"background-color":"var(--ast-global-color-4)","background-image":"","background-repeat":"repeat","background-position":"center center","background-size":"auto","background-attachment":"scroll","background-type":"","background-media":"","overlay-type":"","overlay-color":"","overlay-opacity":"","overlay-gradient":""},"tablet":{"background-color":"","background-image":"","background-repeat":"repeat","background-position":"center center","background-size":"auto","background-attachment":"scroll","background-type":"","background-media":"","overlay-type":"","overlay-color":"","overlay-opacity":"","overlay-gradient":""},"mobile":{"background-color":"","background-image":"","background-repeat":"repeat","background-position":"center center","background-size":"auto","background-attachment":"scroll","background-type":"","background-media":"","overlay-type":"","overlay-color":"","overlay-opacity":"","overlay-gradient":""}},"ast-content-background-meta":{"desktop":{"background-color":"var(--ast-global-color-5)","background-image":"","background-repeat":"repeat","background-position":"center center","background-size":"auto","background-attachment":"scroll","background-type":"","background-media":"","overlay-type":"","overlay-color":"","overlay-opacity":"","overlay-gradient":""},"tablet":{"background-color":"var(--ast-global-color-5)","background-image":"","background-repeat":"repeat","background-position":"center center","background-size":"auto","background-attachment":"scroll","background-type":"","background-media":"","overlay-type":"","overlay-color":"","overlay-opacity":"","overlay-gradient":""},"mobile":{"background-color":"var(--ast-global-color-5)","background-image":"","background-repeat":"repeat","background-position":"center center","background-size":"auto","background-attachment":"scroll","background-type":"","background-media":"","overlay-type":"","overlay-color":"","overlay-opacity":"","overlay-gradient":""}}},"product_cat":[17],"product_tag":[],"class_list":{"0":"post-132","1":"product","2":"type-product","3":"status-publish","4":"has-post-thumbnail","6":"product_cat-productos","7":"desktop-align-left","8":"tablet-align-left","9":"mobile-align-left","11":"first","12":"instock","13":"shipping-taxable","14":"product-type-simple"},"uagb_featured_image_src":{"full":["https:\/\/makron.co\/wp-content\/uploads\/2024\/09\/0d3ce32d-0f0a-4003-becb-2c1927f297dc.jpeg",1032,720,false],"thumbnail":["https:\/\/makron.co\/wp-content\/uploads\/2024\/09\/0d3ce32d-0f0a-4003-becb-2c1927f297dc-150x150.jpeg",150,150,true],"medium":["https:\/\/makron.co\/wp-content\/uploads\/2024\/09\/0d3ce32d-0f0a-4003-becb-2c1927f297dc-300x209.jpeg",300,209,true],"medium_large":["https:\/\/makron.co\/wp-content\/uploads\/2024\/09\/0d3ce32d-0f0a-4003-becb-2c1927f297dc-768x536.jpeg",768,536,true],"large":["https:\/\/makron.co\/wp-content\/uploads\/2024\/09\/0d3ce32d-0f0a-4003-becb-2c1927f297dc-1024x714.jpeg",1024,714,true],"1536x1536":["https:\/\/makron.co\/wp-content\/uploads\/2024\/09\/0d3ce32d-0f0a-4003-becb-2c1927f297dc.jpeg",1032,720,false],"2048x2048":["https:\/\/makron.co\/wp-content\/uploads\/2024\/09\/0d3ce32d-0f0a-4003-becb-2c1927f297dc.jpeg",1032,720,false],"woocommerce_thumbnail":["https:\/\/makron.co\/wp-content\/uploads\/2024\/09\/0d3ce32d-0f0a-4003-becb-2c1927f297dc-300x300.jpeg",300,300,true],"woocommerce_single":["https:\/\/makron.co\/wp-content\/uploads\/2024\/09\/0d3ce32d-0f0a-4003-becb-2c1927f297dc-600x419.jpeg",600,419,true],"woocommerce_gallery_thumbnail":["https:\/\/makron.co\/wp-content\/uploads\/2024\/09\/0d3ce32d-0f0a-4003-becb-2c1927f297dc-100x100.jpeg",100,100,true]},"uagb_author_info":{"display_name":"kreativo","author_link":"https:\/\/makron.co\/index.php\/author\/"},"uagb_comment_info":0,"uagb_excerpt":"Son equipos electr\u00f3nicos dise\u00f1ados con tecnolog\u00eda de punta que se usan para la administraci\u00f3n eficiente del ganado y los potreros tambi\u00e9n puede usarse para controlar caballos, animales dom\u00e9sticos y aves; las cercas el\u00e9ctricas de acuerdo con la longitud del potrero, al terreno y a la maleza y al voltaje disponible pueden ser de ultra alta,&hellip;","_links":{"self":[{"href":"https:\/\/makron.co\/index.php\/wp-json\/wp\/v2\/product\/132","targetHints":{"allow":["GET"]}}],"collection":[{"href":"https:\/\/makron.co\/index.php\/wp-json\/wp\/v2\/product"}],"about":[{"href":"https:\/\/makron.co\/index.php\/wp-json\/wp\/v2\/types\/product"}],"wp:featuredmedia":[{"embeddable":true,"href":"https:\/\/makron.co\/index.php\/wp-json\/wp\/v2\/media\/325"}],"wp:attachment":[{"href":"https:\/\/makron.co\/index.php\/wp-json\/wp\/v2\/media?parent=132"}],"wp:term":[{"taxonomy":"product_cat","embeddable":true,"href":"https:\/\/makron.co\/index.php\/wp-json\/wp\/v2\/product_cat?post=132"},{"taxonomy":"product_tag","embeddable":true,"href":"https:\/\/makron.co\/index.php\/wp-json\/wp\/v2\/product_tag?post=132"}],"curies":[{"name":"wp","href":"https:\/\/api.w.org\/{rel}","templated":true}]}}